{"id":275,"date":"2018-10-23T08:04:01","date_gmt":"2018-10-23T07:04:01","guid":{"rendered":"https:\/\/futuriodemos.com\/default-demo\/?page_id=31"},"modified":"2021-03-14T14:22:50","modified_gmt":"2021-03-14T13:22:50","slug":"home-2","status":"publish","type":"page","link":"https:\/\/www.entramed.pl\/","title":{"rendered":"Strona g\u0142\u00f3wna"},"content":{"rendered":"\t\t<div data-elementor-type=\"wp-post\" data-elementor-id=\"275\" class=\"elementor elementor-275\" data-elementor-settings=\"[]\">\n\t\t\t<div class=\"elementor-inner\">\n\t\t\t\t<div class=\"elementor-section-wrap\">\n\t\t\t\t\t\t\t<section class=\"elementor-element elementor-element-a220096 elementor-section-boxed elementor-section-height-default elementor-section-height-default elementor-section elementor-top-section\" data-id=\"a220096\" data-element_type=\"section\">\n\t\t\t\t\t\t<div class=\"elementor-container elementor-column-gap-default\">\n\t\t\t\t<div class=\"elementor-row\">\n\t\t\t\t<div class=\"elementor-element elementor-element-1a9cfc9 elementor-column elementor-col-50 elementor-top-column\" data-id=\"1a9cfc9\" data-element_type=\"column\">\n\t\t\t<div class=\"elementor-column-wrap  elementor-element-populated\">\n\t\t\t\t\t<div class=\"elementor-widget-wrap\">\n\t\t\t\t<div class=\"elementor-element elementor-element-5b88f85 elementor-widget elementor-widget-image\" data-id=\"5b88f85\" data-element_type=\"widget\" data-widget_type=\"image.default\">\n\t\t\t\t<div class=\"elementor-widget-container\">\n\t\t\t\t\t<div class=\"elementor-image\">\n\t\t\t\t\t\t\t\t\t\t<img width=\"1024\" height=\"576\" src=\"https:\/\/www.entramed.pl\/wp-content\/uploads\/2021\/01\/online-marketing-hIgeoQjS_iE-unsplash-1024x576.jpg\" class=\"attachment-large size-large\" alt=\"\" loading=\"lazy\" srcset=\"https:\/\/www.entramed.pl\/wp-content\/uploads\/2021\/01\/online-marketing-hIgeoQjS_iE-unsplash-1024x576.jpg 1024w, https:\/\/www.entramed.pl\/wp-content\/uploads\/2021\/01\/online-marketing-hIgeoQjS_iE-unsplash-300x169.jpg 300w, https:\/\/www.entramed.pl\/wp-content\/uploads\/2021\/01\/online-marketing-hIgeoQjS_iE-unsplash-768x432.jpg 768w, https:\/\/www.entramed.pl\/wp-content\/uploads\/2021\/01\/online-marketing-hIgeoQjS_iE-unsplash-1536x864.jpg 1536w, https:\/\/www.entramed.pl\/wp-content\/uploads\/2021\/01\/online-marketing-hIgeoQjS_iE-unsplash-2048x1152.jpg 2048w, https:\/\/www.entramed.pl\/wp-content\/uploads\/2021\/01\/online-marketing-hIgeoQjS_iE-unsplash-400x225.jpg 400w, https:\/\/www.entramed.pl\/wp-content\/uploads\/2021\/01\/online-marketing-hIgeoQjS_iE-unsplash-600x338.jpg 600w\" sizes=\"(max-width: 1024px) 100vw, 1024px\" \/>\t\t\t\t\t\t\t\t\t\t\t<\/div>\n\t\t\t\t<\/div>\n\t\t\t\t<\/div>\n\t\t\t\t\t\t<\/div>\n\t\t\t<\/div>\n\t\t<\/div>\n\t\t\t\t<div class=\"elementor-element elementor-element-0fdb9cd elementor-column elementor-col-50 elementor-top-column\" data-id=\"0fdb9cd\" data-element_type=\"column\">\n\t\t\t<div class=\"elementor-column-wrap  elementor-element-populated\">\n\t\t\t\t\t<div class=\"elementor-widget-wrap\">\n\t\t\t\t<div class=\"elementor-element elementor-element-fa9d997 elementor-widget elementor-widget-text-editor\" data-id=\"fa9d997\" data-element_type=\"widget\" data-widget_type=\"text-editor.default\">\n\t\t\t\t<div class=\"elementor-widget-container\">\n\t\t\t\t\t<div class=\"elementor-text-editor elementor-clearfix\"><h1 style=\"text-align: center;\"><strong>Sklep medyczny ENTRAMED<\/strong><\/h1><h5 style=\"text-align: center;\">Zajmujemy si\u0119 wypo\u017cyczaniem, sprzeda\u017c\u0105 i serwisowaniem nowego oraz u\u017cywanego sprz\u0119tu rehabilitacyjnego, w tym<br \/>g\u0142\u00f3wnie \u0142\u00f3\u017cek rehabilitacyjnych.<\/h5><h5 style=\"text-align: center;\"><strong>Zapraszamy do kontaktu w celu zapoznania si\u0119 z nasz\u0105 ofert\u0105!<\/strong><\/h5><h5 style=\"text-align: center;\"><span style=\"color: #00ccff;\">Telefon: +48 791 623 218<\/span><\/h5><\/div>\n\t\t\t\t<\/div>\n\t\t\t\t<\/div>\n\t\t\t\t\t\t<\/div>\n\t\t\t<\/div>\n\t\t<\/div>\n\t\t\t\t\t\t<\/div>\n\t\t\t<\/div>\n\t\t<\/section>\n\t\t\t\t<section class=\"elementor-element elementor-element-6aef4a6 elementor-section-boxed elementor-section-height-default elementor-section-height-default elementor-section elementor-top-section\" data-id=\"6aef4a6\" data-element_type=\"section\">\n\t\t\t\t\t\t<div class=\"elementor-container elementor-column-gap-default\">\n\t\t\t\t<div class=\"elementor-row\">\n\t\t\t\t<div class=\"elementor-element elementor-element-9f69c2c elementor-column elementor-col-100 elementor-top-column\" data-id=\"9f69c2c\" data-element_type=\"column\">\n\t\t\t<div class=\"elementor-column-wrap  elementor-element-populated\">\n\t\t\t\t\t<div class=\"elementor-widget-wrap\">\n\t\t\t\t<div class=\"elementor-element elementor-element-45455f3 elementor-widget elementor-widget-heading\" data-id=\"45455f3\" data-element_type=\"widget\" data-widget_type=\"heading.default\">\n\t\t\t\t<div class=\"elementor-widget-container\">\n\t\t\t<h2 class=\"elementor-heading-title elementor-size-default\">Nasi partnerzy: <\/h2>\t\t<\/div>\n\t\t\t\t<\/div>\n\t\t\t\t\t\t<\/div>\n\t\t\t<\/div>\n\t\t<\/div>\n\t\t\t\t\t\t<\/div>\n\t\t\t<\/div>\n\t\t<\/section>\n\t\t\t\t<section class=\"elementor-element elementor-element-c4662ce elementor-section-boxed elementor-section-height-default elementor-section-height-default elementor-section elementor-top-section\" data-id=\"c4662ce\" data-element_type=\"section\">\n\t\t\t\t\t\t<div class=\"elementor-container elementor-column-gap-default\">\n\t\t\t\t<div class=\"elementor-row\">\n\t\t\t\t<div class=\"elementor-element elementor-element-e1ad689 elementor-column elementor-col-100 elementor-top-column\" data-id=\"e1ad689\" data-element_type=\"column\">\n\t\t\t<div class=\"elementor-column-wrap  elementor-element-populated\">\n\t\t\t\t\t<div class=\"elementor-widget-wrap\">\n\t\t\t\t<div class=\"elementor-element elementor-element-529049e elementor-widget elementor-widget-image-gallery\" data-id=\"529049e\" data-element_type=\"widget\" data-widget_type=\"image-gallery.default\">\n\t\t\t\t<div class=\"elementor-widget-container\">\n\t\t\t\t\t<div class=\"elementor-image-gallery\">\n\t\t\t\n\t\t<style type=\"text\/css\">\n\t\t\t#gallery-1 {\n\t\t\t\tmargin: auto;\n\t\t\t}\n\t\t\t#gallery-1 .gallery-item {\n\t\t\t\tfloat: left;\n\t\t\t\tmargin-top: 10px;\n\t\t\t\ttext-align: center;\n\t\t\t\twidth: 20%;\n\t\t\t}\n\t\t\t#gallery-1 img {\n\t\t\t\tborder: 2px solid #cfcfcf;\n\t\t\t}\n\t\t\t#gallery-1 .gallery-caption {\n\t\t\t\tmargin-left: 0;\n\t\t\t}\n\t\t\t\/* see gallery_shortcode() in wp-includes\/media.php *\/\n\t\t<\/style>\n\t\t<div id='gallery-1' class='gallery galleryid-275 gallery-columns-5 gallery-size-thumbnail'><dl class='gallery-item'>\n\t\t\t<dt class='gallery-icon landscape'>\n\t\t\t\t<a data-elementor-open-lightbox=\"default\" data-elementor-lightbox-slideshow=\"529049e\" href='https:\/\/www.entramed.pl\/wp-content\/uploads\/2021\/03\/medi.jpg'><img width=\"150\" height=\"150\" src=\"https:\/\/www.entramed.pl\/wp-content\/uploads\/2021\/03\/medi-150x150.jpg\" class=\"attachment-thumbnail size-thumbnail\" alt=\"\" loading=\"lazy\" srcset=\"https:\/\/www.entramed.pl\/wp-content\/uploads\/2021\/03\/medi-150x150.jpg 150w, https:\/\/www.entramed.pl\/wp-content\/uploads\/2021\/03\/medi-100x100.jpg 100w\" sizes=\"(max-width: 150px) 100vw, 150px\" \/><\/a>\n\t\t\t<\/dt><\/dl><dl class='gallery-item'>\n\t\t\t<dt class='gallery-icon landscape'>\n\t\t\t\t<a data-elementor-open-lightbox=\"default\" data-elementor-lightbox-slideshow=\"529049e\" href='https:\/\/www.entramed.pl\/wp-content\/uploads\/2021\/03\/hartman2.jpg'><img width=\"150\" height=\"150\" src=\"https:\/\/www.entramed.pl\/wp-content\/uploads\/2021\/03\/hartman2-150x150.jpg\" class=\"attachment-thumbnail size-thumbnail\" alt=\"\" loading=\"lazy\" srcset=\"https:\/\/www.entramed.pl\/wp-content\/uploads\/2021\/03\/hartman2-150x150.jpg 150w, https:\/\/www.entramed.pl\/wp-content\/uploads\/2021\/03\/hartman2-100x100.jpg 100w, https:\/\/www.entramed.pl\/wp-content\/uploads\/2021\/03\/hartman2.jpg 200w\" sizes=\"(max-width: 150px) 100vw, 150px\" \/><\/a>\n\t\t\t<\/dt><\/dl><dl class='gallery-item'>\n\t\t\t<dt class='gallery-icon portrait'>\n\t\t\t\t<a data-elementor-open-lightbox=\"default\" data-elementor-lightbox-slideshow=\"529049e\" href='https:\/\/www.entramed.pl\/wp-content\/uploads\/2021\/03\/znak-firmowy.jpg'><img width=\"150\" height=\"150\" src=\"https:\/\/www.entramed.pl\/wp-content\/uploads\/2021\/03\/znak-firmowy-150x150.jpg\" class=\"attachment-thumbnail size-thumbnail\" alt=\"\" loading=\"lazy\" srcset=\"https:\/\/www.entramed.pl\/wp-content\/uploads\/2021\/03\/znak-firmowy-150x150.jpg 150w, https:\/\/www.entramed.pl\/wp-content\/uploads\/2021\/03\/znak-firmowy-100x100.jpg 100w\" sizes=\"(max-width: 150px) 100vw, 150px\" \/><\/a>\n\t\t\t<\/dt><\/dl><dl class='gallery-item'>\n\t\t\t<dt class='gallery-icon landscape'>\n\t\t\t\t<a data-elementor-open-lightbox=\"default\" data-elementor-lightbox-slideshow=\"529049e\" href='https:\/\/www.entramed.pl\/wp-content\/uploads\/2021\/03\/vera3-1.png'><img width=\"150\" height=\"150\" src=\"https:\/\/www.entramed.pl\/wp-content\/uploads\/2021\/03\/vera3-1-150x150.png\" class=\"attachment-thumbnail size-thumbnail\" alt=\"\" loading=\"lazy\" srcset=\"https:\/\/www.entramed.pl\/wp-content\/uploads\/2021\/03\/vera3-1-150x150.png 150w, https:\/\/www.entramed.pl\/wp-content\/uploads\/2021\/03\/vera3-1-100x100.png 100w\" sizes=\"(max-width: 150px) 100vw, 150px\" \/><\/a>\n\t\t\t<\/dt><\/dl><dl class='gallery-item'>\n\t\t\t<dt class='gallery-icon landscape'>\n\t\t\t\t<a data-elementor-open-lightbox=\"default\" data-elementor-lightbox-slideshow=\"529049e\" href='https:\/\/www.entramed.pl\/wp-content\/uploads\/2021\/03\/aries3-1.png'><img width=\"150\" height=\"146\" src=\"https:\/\/www.entramed.pl\/wp-content\/uploads\/2021\/03\/aries3-1-150x146.png\" class=\"attachment-thumbnail size-thumbnail\" alt=\"\" loading=\"lazy\" \/><\/a>\n\t\t\t<\/dt><\/dl><br style=\"clear: both\" \/>\n\t\t<\/div>\n\t\t<\/div>\n\t\t\t\t<\/div>\n\t\t\t\t<\/div>\n\t\t\t\t\t\t<\/div>\n\t\t\t<\/div>\n\t\t<\/div>\n\t\t\t\t\t\t<\/div>\n\t\t\t<\/div>\n\t\t<\/section>\n\t\t\t\t<section class=\"elementor-element elementor-element-a553237 elementor-section-boxed elementor-section-height-default elementor-section-height-default elementor-section elementor-top-section\" data-id=\"a553237\" data-element_type=\"section\">\n\t\t\t\t\t\t<div class=\"elementor-container elementor-column-gap-default\">\n\t\t\t\t<div class=\"elementor-row\">\n\t\t\t\t<div class=\"elementor-element elementor-element-3c1353a elementor-column elementor-col-100 elementor-top-column\" data-id=\"3c1353a\" data-element_type=\"column\">\n\t\t\t<div class=\"elementor-column-wrap\">\n\t\t\t\t\t<div class=\"elementor-widget-wrap\">\n\t\t\t\t\t\t<\/div>\n\t\t\t<\/div>\n\t\t<\/div>\n\t\t\t\t\t\t<\/div>\n\t\t\t<\/div>\n\t\t<\/section>\n\t\t\t\t\t\t<\/div>\n\t\t\t<\/div>\n\t\t<\/div>\n\t\t","protected":false},"excerpt":{"rendered":"<p>Sklep medyczny ENTRAMED Zajmujemy si\u0119 wypo\u017cyczaniem, sprzeda\u017c\u0105 i serwisowaniem nowego oraz u\u017cywanego sprz\u0119tu rehabilitacyjnego, w tymg\u0142\u00f3wnie \u0142\u00f3\u017cek rehabilitacyjnych. Zapraszamy do kontaktu w celu zapoznania si\u0119 z nasz\u0105 ofert\u0105! Telefon: +48 791 623 218 Nasi partnerzy:<\/p>\n","protected":false},"author":1,"featured_media":0,"parent":0,"menu_order":0,"comment_status":"closed","ping_status":"closed","template":"","meta":[],"_links":{"self":[{"href":"https:\/\/www.entramed.pl\/index.php\/wp-json\/wp\/v2\/pages\/275"}],"collection":[{"href":"https:\/\/www.entramed.pl\/index.php\/wp-json\/wp\/v2\/pages"}],"about":[{"href":"https:\/\/www.entramed.pl\/index.php\/wp-json\/wp\/v2\/types\/page"}],"author":[{"embeddable":true,"href":"https:\/\/www.entramed.pl\/index.php\/wp-json\/wp\/v2\/users\/1"}],"replies":[{"embeddable":true,"href":"https:\/\/www.entramed.pl\/index.php\/wp-json\/wp\/v2\/comments?post=275"}],"version-history":[{"count":38,"href":"https:\/\/www.entramed.pl\/index.php\/wp-json\/wp\/v2\/pages\/275\/revisions"}],"predecessor-version":[{"id":596,"href":"https:\/\/www.entramed.pl\/index.php\/wp-json\/wp\/v2\/pages\/275\/revisions\/596"}],"wp:attachment":[{"href":"https:\/\/www.entramed.pl\/index.php\/wp-json\/wp\/v2\/media?parent=275"}],"curies":[{"name":"wp","href":"https:\/\/api.w.org\/{rel}","templated":true}]}}