{"id":321,"date":"2019-11-03T13:36:30","date_gmt":"2019-11-03T13:36:30","guid":{"rendered":"http:\/\/www.entramed.pl\/?page_id=321"},"modified":"2021-03-14T14:36:37","modified_gmt":"2021-03-14T13:36:37","slug":"o-nas","status":"publish","type":"page","link":"https:\/\/www.entramed.pl\/index.php\/o-nas\/","title":{"rendered":"O nas"},"content":{"rendered":"\t\t<div data-elementor-type=\"wp-page\" data-elementor-id=\"321\" class=\"elementor elementor-321\" data-elementor-settings=\"[]\">\n\t\t\t<div class=\"elementor-inner\">\n\t\t\t\t<div class=\"elementor-section-wrap\">\n\t\t\t\t\t\t\t<section class=\"elementor-element elementor-element-524482e elementor-section-boxed elementor-section-height-default elementor-section-height-default elementor-section elementor-top-section\" data-id=\"524482e\" data-element_type=\"section\">\n\t\t\t\t\t\t<div class=\"elementor-container elementor-column-gap-default\">\n\t\t\t\t<div class=\"elementor-row\">\n\t\t\t\t<div class=\"elementor-element elementor-element-459ba77 elementor-column elementor-col-50 elementor-top-column\" data-id=\"459ba77\" data-element_type=\"column\">\n\t\t\t<div class=\"elementor-column-wrap  elementor-element-populated\">\n\t\t\t\t\t<div class=\"elementor-widget-wrap\">\n\t\t\t\t<div class=\"elementor-element elementor-element-8502109 elementor-widget elementor-widget-image\" data-id=\"8502109\" data-element_type=\"widget\" data-widget_type=\"image.default\">\n\t\t\t\t<div class=\"elementor-widget-container\">\n\t\t\t\t\t<div class=\"elementor-image\">\n\t\t\t\t\t\t\t\t\t\t<img width=\"300\" height=\"300\" src=\"https:\/\/www.entramed.pl\/wp-content\/uploads\/2021\/03\/IMG-20210314-WA0007-300x300.jpg\" class=\"attachment-medium size-medium\" alt=\"\" loading=\"lazy\" srcset=\"https:\/\/www.entramed.pl\/wp-content\/uploads\/2021\/03\/IMG-20210314-WA0007-300x300.jpg 300w, https:\/\/www.entramed.pl\/wp-content\/uploads\/2021\/03\/IMG-20210314-WA0007-1024x1024.jpg 1024w, https:\/\/www.entramed.pl\/wp-content\/uploads\/2021\/03\/IMG-20210314-WA0007-150x150.jpg 150w, https:\/\/www.entramed.pl\/wp-content\/uploads\/2021\/03\/IMG-20210314-WA0007-768x768.jpg 768w, https:\/\/www.entramed.pl\/wp-content\/uploads\/2021\/03\/IMG-20210314-WA0007-1536x1536.jpg 1536w, https:\/\/www.entramed.pl\/wp-content\/uploads\/2021\/03\/IMG-20210314-WA0007-225x225.jpg 225w, https:\/\/www.entramed.pl\/wp-content\/uploads\/2021\/03\/IMG-20210314-WA0007-600x600.jpg 600w, https:\/\/www.entramed.pl\/wp-content\/uploads\/2021\/03\/IMG-20210314-WA0007-100x100.jpg 100w, https:\/\/www.entramed.pl\/wp-content\/uploads\/2021\/03\/IMG-20210314-WA0007.jpg 1600w\" sizes=\"(max-width: 300px) 100vw, 300px\" \/>\t\t\t\t\t\t\t\t\t\t\t<\/div>\n\t\t\t\t<\/div>\n\t\t\t\t<\/div>\n\t\t\t\t\t\t<\/div>\n\t\t\t<\/div>\n\t\t<\/div>\n\t\t\t\t<div class=\"elementor-element elementor-element-f9a5e08 elementor-column elementor-col-50 elementor-top-column\" data-id=\"f9a5e08\" data-element_type=\"column\">\n\t\t\t<div class=\"elementor-column-wrap  elementor-element-populated\">\n\t\t\t\t\t<div class=\"elementor-widget-wrap\">\n\t\t\t\t<div class=\"elementor-element elementor-element-4e198e1 elementor-widget elementor-widget-text-editor\" data-id=\"4e198e1\" data-element_type=\"widget\" data-widget_type=\"text-editor.default\">\n\t\t\t\t<div class=\"elementor-widget-container\">\n\t\t\t\t\t<div class=\"elementor-text-editor elementor-clearfix\"><div><p style=\"text-align: center;\">Sklep medyczny ENTRAMED zajmuje si\u0119 sprzeda\u017c\u0105 wyrob\u00f3w uciskowych stosowanych w kompresjoterapii, produkt\u00f3w do inkontynencji oraz wypo\u017cyczaniem sprz\u0119tu rehabilitacyjnego, w tym g\u0142\u00f3wnie \u0142\u00f3\u017cek rehabilitacyjnych.<\/p><\/div><div><p style=\"text-align: center;\">Teren dzia\u0142ania firmy ENTRAMED w zakresie sprzeda\u017cy wyrob\u00f3w medycznych i oko\u0142omedycznych obejmuje obszar Polski i pozosta\u0142ych kraj\u00f3w Unii Europejskiej, natomiast w zakresie wypo\u017cyczania sprz\u0119tu rehabilitacyjnego dzia\u0142amy na terenie Bydgoszczy, wojew\u00f3dztwa kujawsko-pomorskiego oraz cz\u0119\u015bci wojew\u00f3dztw pomorskiego i wielkopolskiego.<\/p><\/div><\/div>\n\t\t\t\t<\/div>\n\t\t\t\t<\/div>\n\t\t\t\t\t\t<\/div>\n\t\t\t<\/div>\n\t\t<\/div>\n\t\t\t\t\t\t<\/div>\n\t\t\t<\/div>\n\t\t<\/section>\n\t\t\t\t<section class=\"elementor-element elementor-element-67aa6c6 elementor-section-boxed elementor-section-height-default elementor-section-height-default elementor-section elementor-top-section\" data-id=\"67aa6c6\" data-element_type=\"section\">\n\t\t\t\t\t\t<div class=\"elementor-container elementor-column-gap-default\">\n\t\t\t\t<div class=\"elementor-row\">\n\t\t\t\t<div class=\"elementor-element elementor-element-52e4cd1 elementor-column elementor-col-50 elementor-top-column\" data-id=\"52e4cd1\" data-element_type=\"column\">\n\t\t\t<div class=\"elementor-column-wrap  elementor-element-populated\">\n\t\t\t\t\t<div class=\"elementor-widget-wrap\">\n\t\t\t\t<div class=\"elementor-element elementor-element-2620404 elementor-widget elementor-widget-text-editor\" data-id=\"2620404\" data-element_type=\"widget\" data-widget_type=\"text-editor.default\">\n\t\t\t\t<div class=\"elementor-widget-container\">\n\t\t\t\t\t<div class=\"elementor-text-editor elementor-clearfix\"><p style=\"text-align: center;\">Sprzeda\u017c wyrob\u00f3w medycznych i oko\u0142omedycznych realizowana jest za po\u015brednictwem platformy <a href=\"https:\/\/allegro.pl\/uzytkownik\/sklep-entramed\">Allegro <\/a>.\nFirma ENTRAMED stale wzbogaca swoj\u0105 ofert\u0119 dostosowuj\u0105c j\u0105 do potrzeb i oczekiwa\u0144 klient\u00f3w oraz zmieniaj\u0105cego si\u0119 rynku produkt\u00f3w i us\u0142ug medycznych. Naszym atutem jest dba\u0142o\u015b\u0107 o wysok\u0105 jako\u015b\u0107 oferowanych us\u0142ug, kt\u00f3re dostosowujemy do indywidualnych potrzeb klient\u00f3w.<\/p><\/div>\n\t\t\t\t<\/div>\n\t\t\t\t<\/div>\n\t\t\t\t\t\t<\/div>\n\t\t\t<\/div>\n\t\t<\/div>\n\t\t\t\t<div class=\"elementor-element elementor-element-19849ef elementor-column elementor-col-50 elementor-top-column\" data-id=\"19849ef\" data-element_type=\"column\">\n\t\t\t<div class=\"elementor-column-wrap  elementor-element-populated\">\n\t\t\t\t\t<div class=\"elementor-widget-wrap\">\n\t\t\t\t<div class=\"elementor-element elementor-element-f7f68e0 elementor-widget elementor-widget-image\" data-id=\"f7f68e0\" data-element_type=\"widget\" data-widget_type=\"image.default\">\n\t\t\t\t<div class=\"elementor-widget-container\">\n\t\t\t\t\t<div class=\"elementor-image\">\n\t\t\t\t\t\t\t\t\t\t<img width=\"300\" height=\"300\" src=\"https:\/\/www.entramed.pl\/wp-content\/uploads\/2021\/03\/IMG-20210311-WA0000-300x300.jpg\" class=\"attachment-medium size-medium\" alt=\"shop-photo-outside\" loading=\"lazy\" srcset=\"https:\/\/www.entramed.pl\/wp-content\/uploads\/2021\/03\/IMG-20210311-WA0000-300x300.jpg 300w, https:\/\/www.entramed.pl\/wp-content\/uploads\/2021\/03\/IMG-20210311-WA0000-1024x1024.jpg 1024w, https:\/\/www.entramed.pl\/wp-content\/uploads\/2021\/03\/IMG-20210311-WA0000-150x150.jpg 150w, https:\/\/www.entramed.pl\/wp-content\/uploads\/2021\/03\/IMG-20210311-WA0000-768x768.jpg 768w, https:\/\/www.entramed.pl\/wp-content\/uploads\/2021\/03\/IMG-20210311-WA0000-1536x1536.jpg 1536w, https:\/\/www.entramed.pl\/wp-content\/uploads\/2021\/03\/IMG-20210311-WA0000-225x225.jpg 225w, https:\/\/www.entramed.pl\/wp-content\/uploads\/2021\/03\/IMG-20210311-WA0000-600x600.jpg 600w, https:\/\/www.entramed.pl\/wp-content\/uploads\/2021\/03\/IMG-20210311-WA0000-100x100.jpg 100w, https:\/\/www.entramed.pl\/wp-content\/uploads\/2021\/03\/IMG-20210311-WA0000.jpg 1600w\" sizes=\"(max-width: 300px) 100vw, 300px\" \/>\t\t\t\t\t\t\t\t\t\t\t<\/div>\n\t\t\t\t<\/div>\n\t\t\t\t<\/div>\n\t\t\t\t\t\t<\/div>\n\t\t\t<\/div>\n\t\t<\/div>\n\t\t\t\t\t\t<\/div>\n\t\t\t<\/div>\n\t\t<\/section>\n\t\t\t\t\t\t<\/div>\n\t\t\t<\/div>\n\t\t<\/div>\n\t\t","protected":false},"excerpt":{"rendered":"<p>Sklep medyczny ENTRAMED zajmuje si\u0119 sprzeda\u017c\u0105 wyrob\u00f3w uciskowych stosowanych w kompresjoterapii, produkt\u00f3w do inkontynencji oraz wypo\u017cyczaniem sprz\u0119tu rehabilitacyjnego, w tym g\u0142\u00f3wnie \u0142\u00f3\u017cek rehabilitacyjnych. Teren dzia\u0142ania firmy ENTRAMED w zakresie sprzeda\u017cy wyrob\u00f3w medycznych i oko\u0142omedycznych obejmuje obszar Polski i pozosta\u0142ych kraj\u00f3w Unii Europejskiej, natomiast w zakresie wypo\u017cyczania sprz\u0119tu rehabilitacyjnego dzia\u0142amy na terenie Bydgoszczy, wojew\u00f3dztwa kujawsko-pomorskiego oraz [&hellip;]<\/p>\n","protected":false},"author":1,"featured_media":0,"parent":0,"menu_order":0,"comment_status":"closed","ping_status":"closed","template":"","meta":[],"_links":{"self":[{"href":"https:\/\/www.entramed.pl\/index.php\/wp-json\/wp\/v2\/pages\/321"}],"collection":[{"href":"https:\/\/www.entramed.pl\/index.php\/wp-json\/wp\/v2\/pages"}],"about":[{"href":"https:\/\/www.entramed.pl\/index.php\/wp-json\/wp\/v2\/types\/page"}],"author":[{"embeddable":true,"href":"https:\/\/www.entramed.pl\/index.php\/wp-json\/wp\/v2\/users\/1"}],"replies":[{"embeddable":true,"href":"https:\/\/www.entramed.pl\/index.php\/wp-json\/wp\/v2\/comments?post=321"}],"version-history":[{"count":27,"href":"https:\/\/www.entramed.pl\/index.php\/wp-json\/wp\/v2\/pages\/321\/revisions"}],"predecessor-version":[{"id":604,"href":"https:\/\/www.entramed.pl\/index.php\/wp-json\/wp\/v2\/pages\/321\/revisions\/604"}],"wp:attachment":[{"href":"https:\/\/www.entramed.pl\/index.php\/wp-json\/wp\/v2\/media?parent=321"}],"curies":[{"name":"wp","href":"https:\/\/api.w.org\/{rel}","templated":true}]}}