{"id":480,"date":"2021-01-26T22:36:46","date_gmt":"2021-01-26T21:36:46","guid":{"rendered":"https:\/\/www.entramed.pl\/?page_id=480"},"modified":"2021-03-14T12:50:55","modified_gmt":"2021-03-14T11:50:55","slug":"wyroby-kompresyjne","status":"publish","type":"page","link":"https:\/\/www.entramed.pl\/index.php\/wyroby-kompresyjne\/","title":{"rendered":"Wyroby kompresyjne"},"content":{"rendered":"\t\t<div data-elementor-type=\"wp-page\" data-elementor-id=\"480\" class=\"elementor elementor-480\" data-elementor-settings=\"[]\">\n\t\t\t<div class=\"elementor-inner\">\n\t\t\t\t<div class=\"elementor-section-wrap\">\n\t\t\t\t\t\t\t<section class=\"elementor-element elementor-element-8c8d104 elementor-section-boxed elementor-section-height-default elementor-section-height-default elementor-section elementor-top-section\" data-id=\"8c8d104\" data-element_type=\"section\">\n\t\t\t\t\t\t<div class=\"elementor-container elementor-column-gap-default\">\n\t\t\t\t<div class=\"elementor-row\">\n\t\t\t\t<div class=\"elementor-element elementor-element-6ea6fbe elementor-column elementor-col-50 elementor-top-column\" data-id=\"6ea6fbe\" data-element_type=\"column\">\n\t\t\t<div class=\"elementor-column-wrap  elementor-element-populated\">\n\t\t\t\t\t<div class=\"elementor-widget-wrap\">\n\t\t\t\t<div class=\"elementor-element elementor-element-a2f3b7d elementor-widget elementor-widget-image\" data-id=\"a2f3b7d\" data-element_type=\"widget\" data-widget_type=\"image.default\">\n\t\t\t\t<div class=\"elementor-widget-container\">\n\t\t\t\t\t<div class=\"elementor-image\">\n\t\t\t\t\t\t\t\t\t\t<img width=\"200\" height=\"300\" src=\"https:\/\/www.entramed.pl\/wp-content\/uploads\/2021\/03\/16_05_Medi_1727_2-200x300.jpg\" class=\"attachment-medium size-medium\" alt=\"\" loading=\"lazy\" srcset=\"https:\/\/www.entramed.pl\/wp-content\/uploads\/2021\/03\/16_05_Medi_1727_2-200x300.jpg 200w, https:\/\/www.entramed.pl\/wp-content\/uploads\/2021\/03\/16_05_Medi_1727_2-682x1024.jpg 682w, https:\/\/www.entramed.pl\/wp-content\/uploads\/2021\/03\/16_05_Medi_1727_2-768x1152.jpg 768w, https:\/\/www.entramed.pl\/wp-content\/uploads\/2021\/03\/16_05_Medi_1727_2-1024x1536.jpg 1024w, https:\/\/www.entramed.pl\/wp-content\/uploads\/2021\/03\/16_05_Medi_1727_2-150x225.jpg 150w, https:\/\/www.entramed.pl\/wp-content\/uploads\/2021\/03\/16_05_Medi_1727_2-600x900.jpg 600w, https:\/\/www.entramed.pl\/wp-content\/uploads\/2021\/03\/16_05_Medi_1727_2.jpg 1181w\" sizes=\"(max-width: 200px) 100vw, 200px\" \/>\t\t\t\t\t\t\t\t\t\t\t<\/div>\n\t\t\t\t<\/div>\n\t\t\t\t<\/div>\n\t\t\t\t\t\t<\/div>\n\t\t\t<\/div>\n\t\t<\/div>\n\t\t\t\t<div class=\"elementor-element elementor-element-fbe3889 elementor-column elementor-col-50 elementor-top-column\" data-id=\"fbe3889\" data-element_type=\"column\">\n\t\t\t<div class=\"elementor-column-wrap  elementor-element-populated\">\n\t\t\t\t\t<div class=\"elementor-widget-wrap\">\n\t\t\t\t<div class=\"elementor-element elementor-element-06a713f elementor-widget elementor-widget-text-editor\" data-id=\"06a713f\" data-element_type=\"widget\" data-widget_type=\"text-editor.default\">\n\t\t\t\t<div class=\"elementor-widget-container\">\n\t\t\t\t\t<div class=\"elementor-text-editor elementor-clearfix\"><p class=\"has-text-align-center\" style=\"text-align: center;\">Kompresjoterapia to leczenie uciskiem za pomoc\u0105 rajstop, po\u0144czoch lub podkolan\u00f3wek. Poprzez zewn\u0119trzny ucisk na tkanki uzyskuje si\u0119 popraw\u0119 w schorzeniach \u017cylnych i limfatycznych. Kompresjoterapia stosowana jest tak\u017ce w zapobieganiu rozrostowi blizn, np. po oparzeniach, w chirurgii plastycznej np. po zabiegach liposukcji, w trakcie jak i po zabiegach operacyjnych oraz u pacjent\u00f3w hospitalizowanych, kt\u00f3rzy pozostaj\u0105 d\u0142ugo w \u0142\u00f3\u017cku.<br \/>Wyroby uciskowe mog\u0105 by\u0107 r\u00f3wnie\u017c stosowane w celach profilaktycznych, jako wyr\u00f3b zapobiegaj\u0105cy chorobom \u017cy\u0142, a tak\u017ce u os\u00f3b podr\u00f3\u017cuj\u0105cych samolotem lub innym \u015brodkiem transportu.<br \/><br \/><\/p><\/div>\n\t\t\t\t<\/div>\n\t\t\t\t<\/div>\n\t\t\t\t\t\t<\/div>\n\t\t\t<\/div>\n\t\t<\/div>\n\t\t\t\t\t\t<\/div>\n\t\t\t<\/div>\n\t\t<\/section>\n\t\t\t\t<section class=\"elementor-element elementor-element-72e16b5 elementor-section-boxed elementor-section-height-default elementor-section-height-default elementor-section elementor-top-section\" data-id=\"72e16b5\" data-element_type=\"section\">\n\t\t\t\t\t\t<div class=\"elementor-container elementor-column-gap-default\">\n\t\t\t\t<div class=\"elementor-row\">\n\t\t\t\t<div class=\"elementor-element elementor-element-1d1627d elementor-column elementor-col-100 elementor-top-column\" data-id=\"1d1627d\" data-element_type=\"column\">\n\t\t\t<div class=\"elementor-column-wrap  elementor-element-populated\">\n\t\t\t\t\t<div class=\"elementor-widget-wrap\">\n\t\t\t\t<div class=\"elementor-element elementor-element-9add8c5 elementor-widget elementor-widget-text-editor\" data-id=\"9add8c5\" data-element_type=\"widget\" data-widget_type=\"text-editor.default\">\n\t\t\t\t<div class=\"elementor-widget-container\">\n\t\t\t\t\t<div class=\"elementor-text-editor elementor-clearfix\"><p style=\"text-align: center;\">W naszej ofercie na platformie <a href=\"https:\/\/allegro.pl\/uzytkownik\/sklep-entramed\"> Allegro <\/a> znajdziecie Pa\u0144stwo wyroby kompresyjne najpopularniejszych na polskim rynku marek, takich jak: MEDI, Aries, Veera, Venofleks.<\/p><\/div>\n\t\t\t\t<\/div>\n\t\t\t\t<\/div>\n\t\t\t\t<div class=\"elementor-element elementor-element-f9d3f64 elementor-widget elementor-widget-image-gallery\" data-id=\"f9d3f64\" data-element_type=\"widget\" data-widget_type=\"image-gallery.default\">\n\t\t\t\t<div class=\"elementor-widget-container\">\n\t\t\t\t\t<div class=\"elementor-image-gallery\">\n\t\t\t\n\t\t<style type=\"text\/css\">\n\t\t\t#gallery-1 {\n\t\t\t\tmargin: auto;\n\t\t\t}\n\t\t\t#gallery-1 .gallery-item {\n\t\t\t\tfloat: left;\n\t\t\t\tmargin-top: 10px;\n\t\t\t\ttext-align: center;\n\t\t\t\twidth: 33%;\n\t\t\t}\n\t\t\t#gallery-1 img {\n\t\t\t\tborder: 2px solid #cfcfcf;\n\t\t\t}\n\t\t\t#gallery-1 .gallery-caption {\n\t\t\t\tmargin-left: 0;\n\t\t\t}\n\t\t\t\/* see gallery_shortcode() in wp-includes\/media.php *\/\n\t\t<\/style>\n\t\t<div id='gallery-1' class='gallery galleryid-480 gallery-columns-3 gallery-size-medium_large'><dl class='gallery-item'>\n\t\t\t<dt class='gallery-icon landscape'>\n\t\t\t\t<a data-elementor-open-lightbox=\"default\" data-elementor-lightbox-slideshow=\"f9d3f64\" href='https:\/\/www.entramed.pl\/wp-content\/uploads\/2021\/03\/IMG-20210311-WA0007.jpg'><img width=\"768\" height=\"768\" src=\"https:\/\/www.entramed.pl\/wp-content\/uploads\/2021\/03\/IMG-20210311-WA0007-768x768.jpg\" class=\"attachment-medium_large size-medium_large\" alt=\"\" loading=\"lazy\" srcset=\"https:\/\/www.entramed.pl\/wp-content\/uploads\/2021\/03\/IMG-20210311-WA0007-768x768.jpg 768w, https:\/\/www.entramed.pl\/wp-content\/uploads\/2021\/03\/IMG-20210311-WA0007-300x300.jpg 300w, https:\/\/www.entramed.pl\/wp-content\/uploads\/2021\/03\/IMG-20210311-WA0007-1024x1024.jpg 1024w, https:\/\/www.entramed.pl\/wp-content\/uploads\/2021\/03\/IMG-20210311-WA0007-150x150.jpg 150w, https:\/\/www.entramed.pl\/wp-content\/uploads\/2021\/03\/IMG-20210311-WA0007-1536x1536.jpg 1536w, https:\/\/www.entramed.pl\/wp-content\/uploads\/2021\/03\/IMG-20210311-WA0007-225x225.jpg 225w, https:\/\/www.entramed.pl\/wp-content\/uploads\/2021\/03\/IMG-20210311-WA0007-600x600.jpg 600w, https:\/\/www.entramed.pl\/wp-content\/uploads\/2021\/03\/IMG-20210311-WA0007-100x100.jpg 100w, https:\/\/www.entramed.pl\/wp-content\/uploads\/2021\/03\/IMG-20210311-WA0007.jpg 1600w\" sizes=\"(max-width: 768px) 100vw, 768px\" \/><\/a>\n\t\t\t<\/dt><\/dl><dl class='gallery-item'>\n\t\t\t<dt class='gallery-icon landscape'>\n\t\t\t\t<a data-elementor-open-lightbox=\"default\" data-elementor-lightbox-slideshow=\"f9d3f64\" href='https:\/\/www.entramed.pl\/wp-content\/uploads\/2021\/03\/IMG-20210311-WA0004.jpg'><img width=\"768\" height=\"768\" src=\"https:\/\/www.entramed.pl\/wp-content\/uploads\/2021\/03\/IMG-20210311-WA0004-768x768.jpg\" class=\"attachment-medium_large size-medium_large\" alt=\"\" loading=\"lazy\" srcset=\"https:\/\/www.entramed.pl\/wp-content\/uploads\/2021\/03\/IMG-20210311-WA0004-768x768.jpg 768w, https:\/\/www.entramed.pl\/wp-content\/uploads\/2021\/03\/IMG-20210311-WA0004-300x300.jpg 300w, https:\/\/www.entramed.pl\/wp-content\/uploads\/2021\/03\/IMG-20210311-WA0004-1024x1024.jpg 1024w, https:\/\/www.entramed.pl\/wp-content\/uploads\/2021\/03\/IMG-20210311-WA0004-150x150.jpg 150w, https:\/\/www.entramed.pl\/wp-content\/uploads\/2021\/03\/IMG-20210311-WA0004-1536x1536.jpg 1536w, https:\/\/www.entramed.pl\/wp-content\/uploads\/2021\/03\/IMG-20210311-WA0004-225x225.jpg 225w, https:\/\/www.entramed.pl\/wp-content\/uploads\/2021\/03\/IMG-20210311-WA0004-600x600.jpg 600w, https:\/\/www.entramed.pl\/wp-content\/uploads\/2021\/03\/IMG-20210311-WA0004-100x100.jpg 100w, https:\/\/www.entramed.pl\/wp-content\/uploads\/2021\/03\/IMG-20210311-WA0004.jpg 1600w\" sizes=\"(max-width: 768px) 100vw, 768px\" \/><\/a>\n\t\t\t<\/dt><\/dl><dl class='gallery-item'>\n\t\t\t<dt class='gallery-icon landscape'>\n\t\t\t\t<a data-elementor-open-lightbox=\"default\" data-elementor-lightbox-slideshow=\"f9d3f64\" href='https:\/\/www.entramed.pl\/wp-content\/uploads\/2021\/03\/IMG-20210311-WA0005.jpg'><img width=\"768\" height=\"768\" src=\"https:\/\/www.entramed.pl\/wp-content\/uploads\/2021\/03\/IMG-20210311-WA0005-768x768.jpg\" class=\"attachment-medium_large size-medium_large\" alt=\"\" loading=\"lazy\" srcset=\"https:\/\/www.entramed.pl\/wp-content\/uploads\/2021\/03\/IMG-20210311-WA0005-768x768.jpg 768w, https:\/\/www.entramed.pl\/wp-content\/uploads\/2021\/03\/IMG-20210311-WA0005-300x300.jpg 300w, https:\/\/www.entramed.pl\/wp-content\/uploads\/2021\/03\/IMG-20210311-WA0005-1024x1024.jpg 1024w, https:\/\/www.entramed.pl\/wp-content\/uploads\/2021\/03\/IMG-20210311-WA0005-150x150.jpg 150w, https:\/\/www.entramed.pl\/wp-content\/uploads\/2021\/03\/IMG-20210311-WA0005-1536x1536.jpg 1536w, https:\/\/www.entramed.pl\/wp-content\/uploads\/2021\/03\/IMG-20210311-WA0005-225x225.jpg 225w, https:\/\/www.entramed.pl\/wp-content\/uploads\/2021\/03\/IMG-20210311-WA0005-600x600.jpg 600w, https:\/\/www.entramed.pl\/wp-content\/uploads\/2021\/03\/IMG-20210311-WA0005-100x100.jpg 100w, https:\/\/www.entramed.pl\/wp-content\/uploads\/2021\/03\/IMG-20210311-WA0005.jpg 1600w\" sizes=\"(max-width: 768px) 100vw, 768px\" \/><\/a>\n\t\t\t<\/dt><\/dl><br style=\"clear: both\" \/>\n\t\t<\/div>\n\t\t<\/div>\n\t\t\t\t<\/div>\n\t\t\t\t<\/div>\n\t\t\t\t\t\t<\/div>\n\t\t\t<\/div>\n\t\t<\/div>\n\t\t\t\t\t\t<\/div>\n\t\t\t<\/div>\n\t\t<\/section>\n\t\t\t\t\t\t<\/div>\n\t\t\t<\/div>\n\t\t<\/div>\n\t\t","protected":false},"excerpt":{"rendered":"<p>Kompresjoterapia to leczenie uciskiem za pomoc\u0105 rajstop, po\u0144czoch lub podkolan\u00f3wek. Poprzez zewn\u0119trzny ucisk na tkanki uzyskuje si\u0119 popraw\u0119 w schorzeniach \u017cylnych i limfatycznych. Kompresjoterapia stosowana jest tak\u017ce w zapobieganiu rozrostowi blizn, np. po oparzeniach, w chirurgii plastycznej np. po zabiegach liposukcji, w trakcie jak i po zabiegach operacyjnych oraz u pacjent\u00f3w hospitalizowanych, kt\u00f3rzy pozostaj\u0105 d\u0142ugo [&hellip;]<\/p>\n","protected":false},"author":1,"featured_media":0,"parent":0,"menu_order":0,"comment_status":"closed","ping_status":"closed","template":"","meta":[],"_links":{"self":[{"href":"https:\/\/www.entramed.pl\/index.php\/wp-json\/wp\/v2\/pages\/480"}],"collection":[{"href":"https:\/\/www.entramed.pl\/index.php\/wp-json\/wp\/v2\/pages"}],"about":[{"href":"https:\/\/www.entramed.pl\/index.php\/wp-json\/wp\/v2\/types\/page"}],"author":[{"embeddable":true,"href":"https:\/\/www.entramed.pl\/index.php\/wp-json\/wp\/v2\/users\/1"}],"replies":[{"embeddable":true,"href":"https:\/\/www.entramed.pl\/index.php\/wp-json\/wp\/v2\/comments?post=480"}],"version-history":[{"count":7,"href":"https:\/\/www.entramed.pl\/index.php\/wp-json\/wp\/v2\/pages\/480\/revisions"}],"predecessor-version":[{"id":551,"href":"https:\/\/www.entramed.pl\/index.php\/wp-json\/wp\/v2\/pages\/480\/revisions\/551"}],"wp:attachment":[{"href":"https:\/\/www.entramed.pl\/index.php\/wp-json\/wp\/v2\/media?parent=480"}],"curies":[{"name":"wp","href":"https:\/\/api.w.org\/{rel}","templated":true}]}}