{"id":482,"date":"2021-01-26T22:38:33","date_gmt":"2021-01-26T21:38:33","guid":{"rendered":"https:\/\/www.entramed.pl\/?page_id=482"},"modified":"2021-03-14T14:27:46","modified_gmt":"2021-03-14T13:27:46","slug":"wklady-i-majtki-chlonne","status":"publish","type":"page","link":"https:\/\/www.entramed.pl\/index.php\/wklady-i-majtki-chlonne\/","title":{"rendered":"Wk\u0142ady i majtki ch\u0142onne"},"content":{"rendered":"\t\t<div data-elementor-type=\"wp-page\" data-elementor-id=\"482\" class=\"elementor elementor-482\" data-elementor-settings=\"[]\">\n\t\t\t<div class=\"elementor-inner\">\n\t\t\t\t<div class=\"elementor-section-wrap\">\n\t\t\t\t\t\t\t<section class=\"elementor-element elementor-element-7681288 elementor-section-boxed elementor-section-height-default elementor-section-height-default elementor-section elementor-top-section\" data-id=\"7681288\" data-element_type=\"section\">\n\t\t\t\t\t\t<div class=\"elementor-container elementor-column-gap-default\">\n\t\t\t\t<div class=\"elementor-row\">\n\t\t\t\t<div class=\"elementor-element elementor-element-cbbf4c5 elementor-column elementor-col-50 elementor-top-column\" data-id=\"cbbf4c5\" data-element_type=\"column\">\n\t\t\t<div class=\"elementor-column-wrap  elementor-element-populated\">\n\t\t\t\t\t<div class=\"elementor-widget-wrap\">\n\t\t\t\t<div class=\"elementor-element elementor-element-80703c8 elementor-widget elementor-widget-image\" data-id=\"80703c8\" data-element_type=\"widget\" data-widget_type=\"image.default\">\n\t\t\t\t<div class=\"elementor-widget-container\">\n\t\t\t\t\t<div class=\"elementor-image\">\n\t\t\t\t\t\t\t\t\t\t<img width=\"1024\" height=\"682\" src=\"https:\/\/www.entramed.pl\/wp-content\/uploads\/2021\/03\/Dobierz-odpowiedni-produkt-dla-Twoich-potrzeb-1024x682.jpg\" class=\"attachment-large size-large\" alt=\"\" loading=\"lazy\" srcset=\"https:\/\/www.entramed.pl\/wp-content\/uploads\/2021\/03\/Dobierz-odpowiedni-produkt-dla-Twoich-potrzeb-1024x682.jpg 1024w, https:\/\/www.entramed.pl\/wp-content\/uploads\/2021\/03\/Dobierz-odpowiedni-produkt-dla-Twoich-potrzeb-300x200.jpg 300w, https:\/\/www.entramed.pl\/wp-content\/uploads\/2021\/03\/Dobierz-odpowiedni-produkt-dla-Twoich-potrzeb-768x512.jpg 768w, https:\/\/www.entramed.pl\/wp-content\/uploads\/2021\/03\/Dobierz-odpowiedni-produkt-dla-Twoich-potrzeb-338x225.jpg 338w, https:\/\/www.entramed.pl\/wp-content\/uploads\/2021\/03\/Dobierz-odpowiedni-produkt-dla-Twoich-potrzeb-600x400.jpg 600w, https:\/\/www.entramed.pl\/wp-content\/uploads\/2021\/03\/Dobierz-odpowiedni-produkt-dla-Twoich-potrzeb.jpg 1232w\" sizes=\"(max-width: 1024px) 100vw, 1024px\" \/>\t\t\t\t\t\t\t\t\t\t\t<\/div>\n\t\t\t\t<\/div>\n\t\t\t\t<\/div>\n\t\t\t\t\t\t<\/div>\n\t\t\t<\/div>\n\t\t<\/div>\n\t\t\t\t<div class=\"elementor-element elementor-element-99d9285 elementor-column elementor-col-50 elementor-top-column\" data-id=\"99d9285\" data-element_type=\"column\">\n\t\t\t<div class=\"elementor-column-wrap  elementor-element-populated\">\n\t\t\t\t\t<div class=\"elementor-widget-wrap\">\n\t\t\t\t<div class=\"elementor-element elementor-element-bb4016d elementor-widget elementor-widget-text-editor\" data-id=\"bb4016d\" data-element_type=\"widget\" data-widget_type=\"text-editor.default\">\n\t\t\t\t<div class=\"elementor-widget-container\">\n\t\t\t\t\t<div class=\"elementor-text-editor elementor-clearfix\"><p style=\"text-align: center;\">Inkontynencja &#8211; to dolegliwo\u015b\u0107, kt\u00f3ra w r\u00f3wnym stopniu dotyka kobiet i m\u0119\u017cczyzn, niezale\u017cnie od wieku. Nietrzymanie moczu nie jest chorob\u0105, lecz objawem. Jest definiowane jako stan, w kt\u00f3rym cz\u0142owiek do\u015bwiadcza mimowolnego oddawania moczu lub stolca, kt\u00f3ry w pewnym stopniu wp\u0142ywa na \u017cycie spo\u0142eczne.\u00a0 Stosowanie produkt\u00f3w do inkontynencji zapewni Pa\u0144stwu komfort i poczucie bezpiecze\u0144stwa, spowoduje, \u017ce nic nie b\u0119dzie ogranicza\u0107 Pa\u0144stwa aktywno\u015bci spo\u0142ecznej i \u017cyciowej.<\/p>\n<p>\u00a0<\/p><\/div>\n\t\t\t\t<\/div>\n\t\t\t\t<\/div>\n\t\t\t\t\t\t<\/div>\n\t\t\t<\/div>\n\t\t<\/div>\n\t\t\t\t\t\t<\/div>\n\t\t\t<\/div>\n\t\t<\/section>\n\t\t\t\t<section class=\"elementor-element elementor-element-82c4445 elementor-section-boxed elementor-section-height-default elementor-section-height-default elementor-section elementor-top-section\" data-id=\"82c4445\" data-element_type=\"section\">\n\t\t\t\t\t\t<div class=\"elementor-container elementor-column-gap-default\">\n\t\t\t\t<div class=\"elementor-row\">\n\t\t\t\t<div class=\"elementor-element elementor-element-583e24e elementor-column elementor-col-66 elementor-top-column\" data-id=\"583e24e\" data-element_type=\"column\">\n\t\t\t<div class=\"elementor-column-wrap  elementor-element-populated\">\n\t\t\t\t\t<div class=\"elementor-widget-wrap\">\n\t\t\t\t<div class=\"elementor-element elementor-element-4e9c826 elementor-widget elementor-widget-text-editor\" data-id=\"4e9c826\" data-element_type=\"widget\" data-widget_type=\"text-editor.default\">\n\t\t\t\t<div class=\"elementor-widget-container\">\n\t\t\t\t\t<div class=\"elementor-text-editor elementor-clearfix\"><p>W naszej ofercie na platformie <a href=\"https:\/\/allegro.pl\/uzytkownik\/sklep-entramed\">Allegro<\/a> oferujemy Pa\u0144stwu wk\u0142ady ch\u0142onne i pieluchomajtki firmy Hartmann:<br \/>&#8211; wk\u0142ady ch\u0142onne MoliCare Pad \u2013 rozmiar mini, midi, maxi<br \/>&#8211; wk\u0142ady ch\u0142onne dla kobiet MoliCare Pants<br \/>&#8211; wk\u0142ady ch\u0142onne dla m\u0119\u017cczyzn MoliCare Men<br \/>&#8211; majtki ch\u0142onne MoliCare Pants.<\/p><\/div>\n\t\t\t\t<\/div>\n\t\t\t\t<\/div>\n\t\t\t\t\t\t<\/div>\n\t\t\t<\/div>\n\t\t<\/div>\n\t\t\t\t<div class=\"elementor-element elementor-element-3a8c243 elementor-column elementor-col-33 elementor-top-column\" data-id=\"3a8c243\" data-element_type=\"column\">\n\t\t\t<div class=\"elementor-column-wrap  elementor-element-populated\">\n\t\t\t\t\t<div class=\"elementor-widget-wrap\">\n\t\t\t\t<div class=\"elementor-element elementor-element-022ca8a elementor-widget elementor-widget-image\" data-id=\"022ca8a\" data-element_type=\"widget\" data-widget_type=\"image.default\">\n\t\t\t\t<div class=\"elementor-widget-container\">\n\t\t\t\t\t<div class=\"elementor-image\">\n\t\t\t\t\t\t\t\t\t\t<img width=\"1024\" height=\"1024\" src=\"https:\/\/www.entramed.pl\/wp-content\/uploads\/2021\/03\/IMG-20210314-WA0008-1024x1024.jpg\" class=\"attachment-large size-large\" alt=\"\" loading=\"lazy\" srcset=\"https:\/\/www.entramed.pl\/wp-content\/uploads\/2021\/03\/IMG-20210314-WA0008-1024x1024.jpg 1024w, https:\/\/www.entramed.pl\/wp-content\/uploads\/2021\/03\/IMG-20210314-WA0008-300x300.jpg 300w, https:\/\/www.entramed.pl\/wp-content\/uploads\/2021\/03\/IMG-20210314-WA0008-150x150.jpg 150w, https:\/\/www.entramed.pl\/wp-content\/uploads\/2021\/03\/IMG-20210314-WA0008-768x768.jpg 768w, https:\/\/www.entramed.pl\/wp-content\/uploads\/2021\/03\/IMG-20210314-WA0008-1536x1536.jpg 1536w, https:\/\/www.entramed.pl\/wp-content\/uploads\/2021\/03\/IMG-20210314-WA0008-225x225.jpg 225w, https:\/\/www.entramed.pl\/wp-content\/uploads\/2021\/03\/IMG-20210314-WA0008-600x600.jpg 600w, https:\/\/www.entramed.pl\/wp-content\/uploads\/2021\/03\/IMG-20210314-WA0008-100x100.jpg 100w, https:\/\/www.entramed.pl\/wp-content\/uploads\/2021\/03\/IMG-20210314-WA0008.jpg 1600w\" sizes=\"(max-width: 1024px) 100vw, 1024px\" \/>\t\t\t\t\t\t\t\t\t\t\t<\/div>\n\t\t\t\t<\/div>\n\t\t\t\t<\/div>\n\t\t\t\t\t\t<\/div>\n\t\t\t<\/div>\n\t\t<\/div>\n\t\t\t\t\t\t<\/div>\n\t\t\t<\/div>\n\t\t<\/section>\n\t\t\t\t\t\t<\/div>\n\t\t\t<\/div>\n\t\t<\/div>\n\t\t","protected":false},"excerpt":{"rendered":"<p>Inkontynencja &#8211; to dolegliwo\u015b\u0107, kt\u00f3ra w r\u00f3wnym stopniu dotyka kobiet i m\u0119\u017cczyzn, niezale\u017cnie od wieku. Nietrzymanie moczu nie jest chorob\u0105, lecz objawem. Jest definiowane jako stan, w kt\u00f3rym cz\u0142owiek do\u015bwiadcza mimowolnego oddawania moczu lub stolca, kt\u00f3ry w pewnym stopniu wp\u0142ywa na \u017cycie spo\u0142eczne.\u00a0 Stosowanie produkt\u00f3w do inkontynencji zapewni Pa\u0144stwu komfort i poczucie bezpiecze\u0144stwa, spowoduje, \u017ce [&hellip;]<\/p>\n","protected":false},"author":1,"featured_media":0,"parent":0,"menu_order":0,"comment_status":"closed","ping_status":"closed","template":"","meta":[],"_links":{"self":[{"href":"https:\/\/www.entramed.pl\/index.php\/wp-json\/wp\/v2\/pages\/482"}],"collection":[{"href":"https:\/\/www.entramed.pl\/index.php\/wp-json\/wp\/v2\/pages"}],"about":[{"href":"https:\/\/www.entramed.pl\/index.php\/wp-json\/wp\/v2\/types\/page"}],"author":[{"embeddable":true,"href":"https:\/\/www.entramed.pl\/index.php\/wp-json\/wp\/v2\/users\/1"}],"replies":[{"embeddable":true,"href":"https:\/\/www.entramed.pl\/index.php\/wp-json\/wp\/v2\/comments?post=482"}],"version-history":[{"count":10,"href":"https:\/\/www.entramed.pl\/index.php\/wp-json\/wp\/v2\/pages\/482\/revisions"}],"predecessor-version":[{"id":599,"href":"https:\/\/www.entramed.pl\/index.php\/wp-json\/wp\/v2\/pages\/482\/revisions\/599"}],"wp:attachment":[{"href":"https:\/\/www.entramed.pl\/index.php\/wp-json\/wp\/v2\/media?parent=482"}],"curies":[{"name":"wp","href":"https:\/\/api.w.org\/{rel}","templated":true}]}}